{"id":125,"date":"2016-12-19T22:44:41","date_gmt":"2016-12-19T22:44:41","guid":{"rendered":"http:\/\/albertozapicoania.com\/es\/?page_id=125"},"modified":"2016-12-19T22:44:41","modified_gmt":"2016-12-19T22:44:41","slug":"publicaciones","status":"publish","type":"page","link":"https:\/\/albertozapicoania.com\/es\/publicaciones\/","title":{"rendered":"Publicaciones"},"content":{"rendered":"<p>Como resultado de mi trabajo en la Universidad de Oviedo y del desarrollo de mi tesis, cuento con las siguientes publicaciones. En algunas de ellas colaboro como coautor y otras como primer autor:<\/p>\n<ul>\n<li><strong>\u00abSiC and Si transistors comparison in boost converter\u00bb<\/strong><em>.<\/em> Alberto Zapico, Alberto Rodr\u00edguez y Fernando Briz (Universidad de Oviedo). Igor Gabiola, Susana Ap\u00ed\u00f1aniz, Francisco Santiago y Ainhoa Pujana (Tecnalia Research \\&amp; Innovation). EPE 2012.<\/li>\n<li><strong>\u00abOperation and Control of MMCs using Cells with Power Transfer Capability\u00bb<\/strong>, Mario L\u00f3pez, Fernando Briz, Alberto Zapico, David Reigosa. APEC 2015.<\/li>\n<li><strong>\u00abComparative Analysis of Control and Modulation Strategies for Modular Multilevel Converters\u00bb<\/strong>, Mario L\u00f3pez, Fernando Briz, Alberto Zapico, David D\u00edaz Reigosa. SAAEI 2015.<\/li>\n<li><strong>\u00abRetos tecnol\u00f3gicos en el desarrollo de un transformador de estado s\u00f3lido basado en un convertidor modular multinivel con inyecci\u00f3n de potencia a nivel de celda\u00bb<\/strong>, A. Rodr\u00edguez, M. Arias, J. Sebasti\u00e1n, M. L\u00f3pez, A. Zapico, F. Briz. SAAEI 2015.<\/li>\n<li><strong>\u00abMMC based SST\u00bb<\/strong>, Fernando Briz, Mario L\u00f3pez, Alberto Rodr\u00edguez, Alberto Zapico, Manuel Arias, David D\u00edaz Reigosa. INDIN 2015.<\/li>\n<li><strong>\u00abOperation of Modular Multilevel Converters Under Voltage Constraints\u00bb<\/strong>, Mario L\u00f3pez, Fernando Briz, Alberto Zapico, David D\u00edaz Reigosa, Juan Manuel Guerrero. ECCE 2015.<\/li>\n<li><strong>\u00abControl Strategies for MMC Using Cells with Power Transfer Capability\u00bb<\/strong>, Mario L\u00f3pez, Fernando Briz, Alberto Zapico, David Reigosa. ECCE 2015<\/li>\n<li><strong>\u00abFault Tolerant Cell Design for MMC-based Multiport Power Converters\u00bb<\/strong>, Alberto Zapico, Mario L\u00f3pez, Alberto Rodr\u00edguez, Fernando Briz. ECCE 2016<\/li>\n<\/ul>\n<hr \/>\n","protected":false},"excerpt":{"rendered":"<p>Como resultado de mi trabajo en la Universidad de Oviedo y del desarrollo de mi tesis, cuento con las siguientes publicaciones. En algunas&hellip;<\/p>\n","protected":false},"author":1,"featured_media":0,"parent":0,"menu_order":0,"comment_status":"closed","ping_status":"closed","template":"","meta":{"footnotes":""},"class_list":["post-125","page","type-page","status-publish","hentry"],"_links":{"self":[{"href":"https:\/\/albertozapicoania.com\/es\/wp-json\/wp\/v2\/pages\/125","targetHints":{"allow":["GET"]}}],"collection":[{"href":"https:\/\/albertozapicoania.com\/es\/wp-json\/wp\/v2\/pages"}],"about":[{"href":"https:\/\/albertozapicoania.com\/es\/wp-json\/wp\/v2\/types\/page"}],"author":[{"embeddable":true,"href":"https:\/\/albertozapicoania.com\/es\/wp-json\/wp\/v2\/users\/1"}],"replies":[{"embeddable":true,"href":"https:\/\/albertozapicoania.com\/es\/wp-json\/wp\/v2\/comments?post=125"}],"version-history":[{"count":1,"href":"https:\/\/albertozapicoania.com\/es\/wp-json\/wp\/v2\/pages\/125\/revisions"}],"predecessor-version":[{"id":127,"href":"https:\/\/albertozapicoania.com\/es\/wp-json\/wp\/v2\/pages\/125\/revisions\/127"}],"wp:attachment":[{"href":"https:\/\/albertozapicoania.com\/es\/wp-json\/wp\/v2\/media?parent=125"}],"curies":[{"name":"wp","href":"https:\/\/api.w.org\/{rel}","templated":true}]}}