{"id":2,"date":"2016-11-25T18:43:30","date_gmt":"2016-11-25T18:43:30","guid":{"rendered":"http:\/\/albertozapicoania.com\/es\/?page_id=2"},"modified":"2024-10-22T13:43:18","modified_gmt":"2024-10-22T13:43:18","slug":"inicio","status":"publish","type":"page","link":"https:\/\/albertozapicoania.com\/es\/inicio\/","title":{"rendered":"Sobre m\u00ed"},"content":{"rendered":"\t\t<div data-elementor-type=\"wp-page\" data-elementor-id=\"2\" class=\"elementor elementor-2\" data-elementor-settings=\"[]\">\n\t\t\t\t\t\t<div class=\"elementor-inner\">\n\t\t\t\t\t\t\t<div class=\"elementor-section-wrap\">\n\t\t\t\t\t\t\t<section class=\"elementor-section elementor-top-section elementor-element elementor-element-21f1b92c elementor-section-boxed elementor-section-height-default elementor-section-height-default\" data-id=\"21f1b92c\" data-element_type=\"section\" data-settings=\"{&quot;jet_parallax_layout_list&quot;:[{&quot;jet_parallax_layout_image&quot;:{&quot;url&quot;:&quot;&quot;,&quot;id&quot;:&quot;&quot;},&quot;_id&quot;:&quot;da15ca0&quot;,&quot;jet_parallax_layout_image_tablet&quot;:{&quot;url&quot;:&quot;&quot;,&quot;id&quot;:&quot;&quot;},&quot;jet_parallax_layout_image_mobile&quot;:{&quot;url&quot;:&quot;&quot;,&quot;id&quot;:&quot;&quot;},&quot;jet_parallax_layout_speed&quot;:{&quot;unit&quot;:&quot;%&quot;,&quot;size&quot;:50,&quot;sizes&quot;:[]},&quot;jet_parallax_layout_type&quot;:&quot;scroll&quot;,&quot;jet_parallax_layout_direction&quot;:null,&quot;jet_parallax_layout_fx_direction&quot;:null,&quot;jet_parallax_layout_z_index&quot;:&quot;&quot;,&quot;jet_parallax_layout_bg_x&quot;:50,&quot;jet_parallax_layout_bg_x_tablet&quot;:&quot;&quot;,&quot;jet_parallax_layout_bg_x_mobile&quot;:&quot;&quot;,&quot;jet_parallax_layout_bg_y&quot;:50,&quot;jet_parallax_layout_bg_y_tablet&quot;:&quot;&quot;,&quot;jet_parallax_layout_bg_y_mobile&quot;:&quot;&quot;,&quot;jet_parallax_layout_bg_size&quot;:&quot;auto&quot;,&quot;jet_parallax_layout_bg_size_tablet&quot;:&quot;&quot;,&quot;jet_parallax_layout_bg_size_mobile&quot;:&quot;&quot;,&quot;jet_parallax_layout_animation_prop&quot;:&quot;transform&quot;,&quot;jet_parallax_layout_on&quot;:[&quot;desktop&quot;,&quot;tablet&quot;]}]}\">\n\t\t\t\t\t\t<div class=\"elementor-container elementor-column-gap-default\">\n\t\t\t\t\t\t\t<div class=\"elementor-row\">\n\t\t\t\t\t<div class=\"elementor-column elementor-col-100 elementor-top-column elementor-element elementor-element-5a230bb\" data-id=\"5a230bb\" data-element_type=\"column\">\n\t\t\t<div class=\"elementor-column-wrap elementor-element-populated\">\n\t\t\t\t\t\t\t<div class=\"elementor-widget-wrap\">\n\t\t\t\t\t\t<div class=\"elementor-element elementor-element-788560a6 elementor-widget elementor-widget-text-editor\" data-id=\"788560a6\" data-element_type=\"widget\" data-widget_type=\"text-editor.default\">\n\t\t\t\t<div class=\"elementor-widget-container\">\n\t\t\t\t\t\t\t\t<div class=\"elementor-text-editor elementor-clearfix\">\n\t\t\t\t<p><img loading=\"lazy\" decoding=\"async\" class=\"wp-image-589 size-medium alignleft\" src=\"https:\/\/albertozapicoania.com\/es\/wp-content\/uploads\/2024\/10\/Irene-Cazon-Infitech-10202023-L-9-1-scaled-e1729604546695-292x300.jpg\" alt=\"\" width=\"292\" height=\"300\" srcset=\"https:\/\/albertozapicoania.com\/es\/wp-content\/uploads\/2024\/10\/Irene-Cazon-Infitech-10202023-L-9-1-scaled-e1729604546695-292x300.jpg 292w, https:\/\/albertozapicoania.com\/es\/wp-content\/uploads\/2024\/10\/Irene-Cazon-Infitech-10202023-L-9-1-scaled-e1729604546695-998x1024.jpg 998w, https:\/\/albertozapicoania.com\/es\/wp-content\/uploads\/2024\/10\/Irene-Cazon-Infitech-10202023-L-9-1-scaled-e1729604546695-768x788.jpg 768w, https:\/\/albertozapicoania.com\/es\/wp-content\/uploads\/2024\/10\/Irene-Cazon-Infitech-10202023-L-9-1-scaled-e1729604546695.jpg 1460w\" sizes=\"auto, (max-width: 292px) 100vw, 292px\" \/><span style=\"font-size: 12pt; color: var( --e-global-color-text ); text-align: justify;\">\u00c9ste soy yo. Me llamo Alberto Zapico Ania\u00a0y soy un Doctor Ingeniero Industrial asturiano y\u00a0<\/span><em style=\"font-size: 12pt; color: var( --e-global-color-text ); text-align: justify;\">friki<\/em><span style=\"font-size: 12pt; color: var( --e-global-color-text ); text-align: justify;\">\u00a0de la electr\u00f3nica entre otras cosas. En esta web trato de mostrar qui\u00e9n y c\u00f3mo soy, as\u00ed como\u00a0cu\u00e1les son mis aficiones, tanto personales como profesionales.<\/span><\/p><p style=\"text-align: justify;\"><span style=\"font-size: 12pt;\">Nacido en 1985, soy de Mieres (Asturias), aunque vivo en Gij\u00f3n. En la electr\u00f3nica se centra mi principal Hobby. Tanto el dise\u00f1o electr\u00f3nico como la programaci\u00f3n de microcontroladores me encantan, pero no solamente eso, ya que un dise\u00f1o y una programaci\u00f3n sin un <em>\u00abcacharreo\u00bb<\/em> posterior para ver su funcionamiento no tiene sentido.<\/span><\/p><p style=\"text-align: justify;\"><span style=\"font-size: 12pt;\">En los diversos apartados\u00a0de este sitio, muestro con m\u00e1s detalle todo este mundo que rodea mi afici\u00f3n sobre la electr\u00f3nica. Pero las aficiones personales tambi\u00e9n son importantes como, por ejemplo, mi gran pasi\u00f3n por la sidra natural casera y su proceso de elaboraci\u00f3n.<\/span><\/p><p style=\"text-align: justify;\"><span style=\"font-size: 12pt;\">En esta web se puede ver tanto mi <a href=\"http:\/\/albertozapicoania.com\/es\/cves\/\">Curr\u00edculum Vitae<\/a> como mis <a href=\"http:\/\/albertozapicoania.com\/es\/proyectos-personales\/\">proyectos personales<\/a>\u00a0y mis <a href=\"http:\/\/albertozapicoania.com\/es\/130-2\/\">aficiones<\/a>. En caso de que desees desarrollar un proyecto, tambi\u00e9n puedes contar conmigo como opci\u00f3n de desarrollo econ\u00f3mica. Tanto en ese caso, como si tienes alguna curiosidad en referencia a mis proyectos o aficiones, puedes contactar conmigo desde la secci\u00f3n <a href=\"http:\/\/albertozapicoania.com\/es\/contacto\/\">Contacto<\/a>.<\/span><\/p><hr \/><p style=\"text-align: justify;\">\u00a0<\/p>\t\t\t\t\t<\/div>\n\t\t\t\t\t\t<\/div>\n\t\t\t\t<\/div>\n\t\t\t\t\t\t<\/div>\n\t\t\t\t\t<\/div>\n\t\t<\/div>\n\t\t\t\t\t\t\t\t<\/div>\n\t\t\t\t\t<\/div>\n\t\t<\/section>\n\t\t\t\t\t\t<\/div>\n\t\t\t\t\t\t<\/div>\n\t\t\t\t\t<\/div>\n\t\t","protected":false},"excerpt":{"rendered":"<p>\u00c9ste soy yo. Me llamo Alberto Zapico Ania\u00a0y soy un Doctor Ingeniero Industrial asturiano y\u00a0friki\u00a0de la electr\u00f3nica entre otras cosas. En esta web&hellip;<\/p>\n","protected":false},"author":1,"featured_media":0,"parent":0,"menu_order":0,"comment_status":"closed","ping_status":"open","template":"","meta":{"footnotes":""},"class_list":["post-2","page","type-page","status-publish","hentry"],"_links":{"self":[{"href":"https:\/\/albertozapicoania.com\/es\/wp-json\/wp\/v2\/pages\/2","targetHints":{"allow":["GET"]}}],"collection":[{"href":"https:\/\/albertozapicoania.com\/es\/wp-json\/wp\/v2\/pages"}],"about":[{"href":"https:\/\/albertozapicoania.com\/es\/wp-json\/wp\/v2\/types\/page"}],"author":[{"embeddable":true,"href":"https:\/\/albertozapicoania.com\/es\/wp-json\/wp\/v2\/users\/1"}],"replies":[{"embeddable":true,"href":"https:\/\/albertozapicoania.com\/es\/wp-json\/wp\/v2\/comments?post=2"}],"version-history":[{"count":54,"href":"https:\/\/albertozapicoania.com\/es\/wp-json\/wp\/v2\/pages\/2\/revisions"}],"predecessor-version":[{"id":620,"href":"https:\/\/albertozapicoania.com\/es\/wp-json\/wp\/v2\/pages\/2\/revisions\/620"}],"wp:attachment":[{"href":"https:\/\/albertozapicoania.com\/es\/wp-json\/wp\/v2\/media?parent=2"}],"curies":[{"name":"wp","href":"https:\/\/api.w.org\/{rel}","templated":true}]}}