{"id":42,"date":"2016-11-30T15:26:36","date_gmt":"2016-11-30T15:26:36","guid":{"rendered":"http:\/\/albertozapicoania.com\/es\/?page_id=42"},"modified":"2016-12-19T22:56:15","modified_gmt":"2016-12-19T22:56:15","slug":"cves","status":"publish","type":"page","link":"https:\/\/albertozapicoania.com\/es\/cves\/","title":{"rendered":"Curr\u00edculum Vitae"},"content":{"rendered":"<p>En esta secci\u00f3n, se expone\u00a0resumidamente mi Curr\u00edculum Vitae, cuya descripci\u00f3n m\u00e1s detallada se muestra en las diferentes subsecciones del mismo. Me llamo Alberto Zapico Ania y soy\u00a0un Ingeniero Industrial nacido el 30 de abril de 1985 en Mieres (Asturias). Desde que inici\u00e9 mi estudios de Ingenier\u00eda en 2003 resido\u00a0en Gij\u00f3n,\u00a0lugar donde actualmente trabajo.<\/p>\n<p>En cuanto a mi <a href=\"http:\/\/albertozapicoania.com\/es\/formacion-academica\/\">Formaci\u00f3n Acad\u00e9mica<\/a>&#8230;<\/p>\n<p>Como <a href=\"http:\/\/albertozapicoania.com\/es\/formacion-complementaria\/\">Formaci\u00f3n Complementaria<\/a>&#8230;<\/p>\n<p>Mi <a href=\"http:\/\/albertozapicoania.com\/es\/experiencia-profesional\/\">Experiencia Profesional<\/a>&#8230;<\/p>\n<hr \/>\n","protected":false},"excerpt":{"rendered":"<p>En esta secci\u00f3n, se expone\u00a0resumidamente mi Curr\u00edculum Vitae, cuya descripci\u00f3n m\u00e1s detallada se muestra en las diferentes subsecciones del mismo. Me llamo Alberto&hellip;<\/p>\n","protected":false},"author":1,"featured_media":0,"parent":0,"menu_order":0,"comment_status":"closed","ping_status":"closed","template":"","meta":{"footnotes":""},"class_list":["post-42","page","type-page","status-publish","hentry"],"_links":{"self":[{"href":"https:\/\/albertozapicoania.com\/es\/wp-json\/wp\/v2\/pages\/42","targetHints":{"allow":["GET"]}}],"collection":[{"href":"https:\/\/albertozapicoania.com\/es\/wp-json\/wp\/v2\/pages"}],"about":[{"href":"https:\/\/albertozapicoania.com\/es\/wp-json\/wp\/v2\/types\/page"}],"author":[{"embeddable":true,"href":"https:\/\/albertozapicoania.com\/es\/wp-json\/wp\/v2\/users\/1"}],"replies":[{"embeddable":true,"href":"https:\/\/albertozapicoania.com\/es\/wp-json\/wp\/v2\/comments?post=42"}],"version-history":[{"count":8,"href":"https:\/\/albertozapicoania.com\/es\/wp-json\/wp\/v2\/pages\/42\/revisions"}],"predecessor-version":[{"id":139,"href":"https:\/\/albertozapicoania.com\/es\/wp-json\/wp\/v2\/pages\/42\/revisions\/139"}],"wp:attachment":[{"href":"https:\/\/albertozapicoania.com\/es\/wp-json\/wp\/v2\/media?parent=42"}],"curies":[{"name":"wp","href":"https:\/\/api.w.org\/{rel}","templated":true}]}}