{"id":64,"date":"2016-12-07T13:34:52","date_gmt":"2016-12-07T13:34:52","guid":{"rendered":"http:\/\/albertozapicoania.com\/es\/?page_id=64"},"modified":"2018-01-02T22:13:29","modified_gmt":"2018-01-02T22:13:29","slug":"formacion-academica","status":"publish","type":"page","link":"https:\/\/albertozapicoania.com\/es\/formacion-academica\/","title":{"rendered":"Formaci\u00f3n Acad\u00e9mica"},"content":{"rendered":"<p>Mi trayectoria acad\u00e9mica \u00a0es la siguiente:<\/p>\n<ul style=\"list-style-type: disc;\">\n<li><strong>(Diciembre de 2008) &#8211; Ingeniero Industrial en la Especialidad de Electr\u00f3nica y Autom\u00e1tica (Plan 2001).\u00a0<\/strong>Escuela Polit\u00e9cnica superior de Ingenier\u00eda de Gij\u00f3n (Universidad de Oviedo).\n<ul style=\"list-style-type: circle;\">\n<li>Proyecto Fin de Carrera:\u00a0<em>\u00abEstimaci\u00f3n mediante sensores magnetorresistivos de la posici\u00f3n 3D de una esfera que levita magn\u00e9ticamente\u00bb.<\/em><\/li>\n<\/ul>\n<\/li>\n<li><strong>(Julio de 2011) &#8211; M\u00e1ster Universitario en Control de Procesos, Electr\u00f3nica Industrial e Ingenier\u00eda El\u00e9ctrica.<\/strong> Escuela Polit\u00e9cnica Superior de Ingenier\u00eda de Gij\u00f3n (Universidad de Oviedo).\n<ul style=\"list-style-type: circle;\">\n<li>Trabajo Fin de M\u00e1ster:\u00a0<em>\u00abDesarrollo de un inversor trif\u00e1sico multinivel con topolog\u00eda NPC\u00bb.<\/em><\/li>\n<\/ul>\n<\/li>\n<li><strong>(2012 &#8211; 2017) &#8211; Doctorado en el Programa \u00abEnerg\u00eda y Control de Procesos\u00bb.<\/strong> Departamento de Ingenier\u00eda Electr\u00f3nica, Computadores y Sistemas, \u00c1rea de Ingenier\u00eda de Sistemas y Autom\u00e1tica, Escuela Polit\u00e9cnica de Ingenier\u00eda (Universidad de Oviedo). Nota: en fase final de redacci\u00f3n de la documentaci\u00f3n.\n<ul style=\"list-style-type: circle;\">\n<li>Tesis Doctoral:\u00a0<em>\u00abEstudio de la tolerancia a fallos de Convertidores Multipuerto basados en topolog\u00edas MMC\u00bb.<\/em><\/li>\n<\/ul>\n<\/li>\n<\/ul>\n<hr \/>\n","protected":false},"excerpt":{"rendered":"<p>Mi trayectoria acad\u00e9mica \u00a0es la siguiente: (Diciembre de 2008) &#8211; Ingeniero Industrial en la Especialidad de Electr\u00f3nica y Autom\u00e1tica (Plan 2001).\u00a0Escuela Polit\u00e9cnica superior&hellip;<\/p>\n","protected":false},"author":1,"featured_media":0,"parent":0,"menu_order":0,"comment_status":"closed","ping_status":"closed","template":"","meta":{"footnotes":""},"class_list":["post-64","page","type-page","status-publish","hentry"],"_links":{"self":[{"href":"https:\/\/albertozapicoania.com\/es\/wp-json\/wp\/v2\/pages\/64","targetHints":{"allow":["GET"]}}],"collection":[{"href":"https:\/\/albertozapicoania.com\/es\/wp-json\/wp\/v2\/pages"}],"about":[{"href":"https:\/\/albertozapicoania.com\/es\/wp-json\/wp\/v2\/types\/page"}],"author":[{"embeddable":true,"href":"https:\/\/albertozapicoania.com\/es\/wp-json\/wp\/v2\/users\/1"}],"replies":[{"embeddable":true,"href":"https:\/\/albertozapicoania.com\/es\/wp-json\/wp\/v2\/comments?post=64"}],"version-history":[{"count":10,"href":"https:\/\/albertozapicoania.com\/es\/wp-json\/wp\/v2\/pages\/64\/revisions"}],"predecessor-version":[{"id":184,"href":"https:\/\/albertozapicoania.com\/es\/wp-json\/wp\/v2\/pages\/64\/revisions\/184"}],"wp:attachment":[{"href":"https:\/\/albertozapicoania.com\/es\/wp-json\/wp\/v2\/media?parent=64"}],"curies":[{"name":"wp","href":"https:\/\/api.w.org\/{rel}","templated":true}]}}