{"id":67,"date":"2016-12-07T13:35:23","date_gmt":"2016-12-07T13:35:23","guid":{"rendered":"http:\/\/albertozapicoania.com\/es\/?page_id=67"},"modified":"2023-05-05T12:12:01","modified_gmt":"2023-05-05T12:12:01","slug":"formacion-complementaria","status":"publish","type":"page","link":"https:\/\/albertozapicoania.com\/es\/formacion-complementaria\/","title":{"rendered":"Formaci\u00f3n complementaria"},"content":{"rendered":"\t\t<div data-elementor-type=\"wp-page\" data-elementor-id=\"67\" class=\"elementor elementor-67\" data-elementor-settings=\"[]\">\n\t\t\t\t\t\t<div class=\"elementor-inner\">\n\t\t\t\t\t\t\t<div class=\"elementor-section-wrap\">\n\t\t\t\t\t\t\t<section class=\"elementor-section elementor-top-section elementor-element elementor-element-5d8344a2 elementor-section-boxed elementor-section-height-default elementor-section-height-default\" data-id=\"5d8344a2\" data-element_type=\"section\" data-settings=\"{&quot;jet_parallax_layout_list&quot;:[{&quot;jet_parallax_layout_image&quot;:{&quot;url&quot;:&quot;&quot;,&quot;id&quot;:&quot;&quot;},&quot;_id&quot;:&quot;bc2ec92&quot;,&quot;jet_parallax_layout_image_tablet&quot;:{&quot;url&quot;:&quot;&quot;,&quot;id&quot;:&quot;&quot;},&quot;jet_parallax_layout_image_mobile&quot;:{&quot;url&quot;:&quot;&quot;,&quot;id&quot;:&quot;&quot;},&quot;jet_parallax_layout_speed&quot;:{&quot;unit&quot;:&quot;%&quot;,&quot;size&quot;:50,&quot;sizes&quot;:[]},&quot;jet_parallax_layout_type&quot;:&quot;scroll&quot;,&quot;jet_parallax_layout_direction&quot;:null,&quot;jet_parallax_layout_fx_direction&quot;:null,&quot;jet_parallax_layout_z_index&quot;:&quot;&quot;,&quot;jet_parallax_layout_bg_x&quot;:50,&quot;jet_parallax_layout_bg_x_tablet&quot;:&quot;&quot;,&quot;jet_parallax_layout_bg_x_mobile&quot;:&quot;&quot;,&quot;jet_parallax_layout_bg_y&quot;:50,&quot;jet_parallax_layout_bg_y_tablet&quot;:&quot;&quot;,&quot;jet_parallax_layout_bg_y_mobile&quot;:&quot;&quot;,&quot;jet_parallax_layout_bg_size&quot;:&quot;auto&quot;,&quot;jet_parallax_layout_bg_size_tablet&quot;:&quot;&quot;,&quot;jet_parallax_layout_bg_size_mobile&quot;:&quot;&quot;,&quot;jet_parallax_layout_animation_prop&quot;:&quot;transform&quot;,&quot;jet_parallax_layout_on&quot;:[&quot;desktop&quot;,&quot;tablet&quot;]}]}\">\n\t\t\t\t\t\t<div class=\"elementor-container elementor-column-gap-default\">\n\t\t\t\t\t\t\t<div class=\"elementor-row\">\n\t\t\t\t\t<div class=\"elementor-column elementor-col-100 elementor-top-column elementor-element elementor-element-2647ce97\" data-id=\"2647ce97\" data-element_type=\"column\">\n\t\t\t<div class=\"elementor-column-wrap elementor-element-populated\">\n\t\t\t\t\t\t\t<div class=\"elementor-widget-wrap\">\n\t\t\t\t\t\t<div class=\"elementor-element elementor-element-68e50dc7 elementor-widget elementor-widget-text-editor\" data-id=\"68e50dc7\" data-element_type=\"widget\" data-widget_type=\"text-editor.default\">\n\t\t\t\t<div class=\"elementor-widget-container\">\n\t\t\t\t\t\t\t\t<div class=\"elementor-text-editor elementor-clearfix\">\n\t\t\t\t<p>Mi formaci\u00f3n complementaria se comprende de los siguientes cursos:<\/p>\n<ul>\n<li style=\"text-align: justify;\">Curso:<strong> Sistemas Electr\u00f3nicos Para Iluminaci\u00f3n (2004).<\/strong> Escuela Polit\u00e9cnica Superior de Ingenier\u00eda de Gij\u00f3n (Universidad de Oviedo).<\/li>\n<li style=\"text-align: justify;\">Curso: <strong>Introducci\u00f3n a la Navegaci\u00f3n de Recreo (2007).<\/strong> Escuela Polit\u00e9cnica Superior de Ingenier\u00eda de Gij\u00f3n (Universidad de Oviedo).<\/li>\n<li style=\"text-align: justify;\">Curso: <strong>Ahorro Energ\u00e9tico en Sistemas de Iluminaci\u00f3n (2008).<\/strong> Escuela Polit\u00e9cnica Superior de Ingenier\u00eda de Gij\u00f3n (Universidad de Oviedo).<\/li>\n<li style=\"text-align: justify;\"><strong>T\u00e9cnico Superior en Prevenci\u00f3n de Riesgos Laborales en las especialidades de Seguridad en el Trabajo, Higiene Industrial y, Ergonom\u00eda y Psicolog\u00eda Aplicada (2010).<\/strong> EAGE \u2013 Escuela de Alta Gesti\u00f3n Empresarial (Oviedo).<\/li>\n<li style=\"text-align: justify;\">Curso: <strong>Desarrollo de sistemas interactivos en Realidad Virtual (01\/2017).<\/strong> Curso de 36 horas impartido por la Universidad de Burgos en las instalaciones de Fundaci\u00f3n Prodintec.<\/li>\n<li style=\"text-align: justify;\">Curso: <strong>Waspmote &amp; Meshlium Platform training course (02\/2017).<\/strong> Curso pr\u00e1ctico de 21 horas sobre los dispositivos IoT desarrollados por Libelium. Impartido por Libelium Comunicaciones Distribuidas S.L. en sus instalaciones.<\/li>\n<\/ul>\n<p>Adem\u00e1s de los cursos mencionados, poseo&nbsp;otros conocimientos, los cuales van aumentando poco a poco seg\u00fan mi experiencia acumulada. Se puede destacar el conocimiento y manejo de:<\/p>\n<ul>\n<li>Sistemas operativos: Windows XP, Vista, 7, 8, 8.1 y 10, as\u00ed como Linux (Debian, Ubuntu\u2026).<\/li>\n<li>Office (Word, Excell, PowerPoint) y Visio.<\/li>\n<li>Dibujo 2D con Autocad y Draftsight.<\/li>\n<li>Dibujo 3D param\u00e9trico con Autodesk Mechanical Desktop.<\/li>\n<li>Programaci\u00f3n y simulaci\u00f3n bajo Matlab y Simulink.<\/li>\n<li>Programaci\u00f3n en c\u00f3digo C, C++, C#.<\/li>\n<li>Generaci\u00f3n de documentos de texto en c\u00f3digo Latex.<\/li>\n<li>Programaci\u00f3n de DSPs de Texas.<\/li>\n<li>Programaci\u00f3n de Microcontroladores PIC y dsPIC de Microchip bajo el entorno MPLAB.<\/li>\n<li>Programaci\u00f3n de dispositivos basados en Arudino.<\/li>\n<li>Programaci\u00f3n de sistemas con comunicaci\u00f3n WiFi basados en el conocido m\u00f3dulo ESP8266.<\/li>\n<li>Simulaci\u00f3n de circuitos electr\u00f3nicos mediante PSpice y Psim.<\/li>\n<li>Dise\u00f1o de placas electr\u00f3nicas (PCB) con Altium Designer.<\/li>\n<\/ul>\n<hr>.\t\t\t\t\t<\/div>\n\t\t\t\t\t\t<\/div>\n\t\t\t\t<\/div>\n\t\t\t\t\t\t<\/div>\n\t\t\t\t\t<\/div>\n\t\t<\/div>\n\t\t\t\t\t\t\t\t<\/div>\n\t\t\t\t\t<\/div>\n\t\t<\/section>\n\t\t\t\t\t\t<\/div>\n\t\t\t\t\t\t<\/div>\n\t\t\t\t\t<\/div>\n\t\t","protected":false},"excerpt":{"rendered":"<p>Mi formaci\u00f3n complementaria se comprende de los siguientes cursos: Curso: Sistemas Electr\u00f3nicos Para Iluminaci\u00f3n (2004). Escuela Polit\u00e9cnica Superior de Ingenier\u00eda de Gij\u00f3n (Universidad&hellip;<\/p>\n","protected":false},"author":1,"featured_media":0,"parent":0,"menu_order":0,"comment_status":"closed","ping_status":"closed","template":"","meta":{"footnotes":""},"class_list":["post-67","page","type-page","status-publish","hentry"],"_links":{"self":[{"href":"https:\/\/albertozapicoania.com\/es\/wp-json\/wp\/v2\/pages\/67","targetHints":{"allow":["GET"]}}],"collection":[{"href":"https:\/\/albertozapicoania.com\/es\/wp-json\/wp\/v2\/pages"}],"about":[{"href":"https:\/\/albertozapicoania.com\/es\/wp-json\/wp\/v2\/types\/page"}],"author":[{"embeddable":true,"href":"https:\/\/albertozapicoania.com\/es\/wp-json\/wp\/v2\/users\/1"}],"replies":[{"embeddable":true,"href":"https:\/\/albertozapicoania.com\/es\/wp-json\/wp\/v2\/comments?post=67"}],"version-history":[{"count":14,"href":"https:\/\/albertozapicoania.com\/es\/wp-json\/wp\/v2\/pages\/67\/revisions"}],"predecessor-version":[{"id":584,"href":"https:\/\/albertozapicoania.com\/es\/wp-json\/wp\/v2\/pages\/67\/revisions\/584"}],"wp:attachment":[{"href":"https:\/\/albertozapicoania.com\/es\/wp-json\/wp\/v2\/media?parent=67"}],"curies":[{"name":"wp","href":"https:\/\/api.w.org\/{rel}","templated":true}]}}