{"id":70,"date":"2016-12-07T13:39:45","date_gmt":"2016-12-07T13:39:45","guid":{"rendered":"http:\/\/albertozapicoania.com\/es\/?page_id=70"},"modified":"2021-12-23T16:25:10","modified_gmt":"2021-12-23T16:25:10","slug":"experiencia-profesional","status":"publish","type":"page","link":"https:\/\/albertozapicoania.com\/es\/experiencia-profesional\/","title":{"rendered":"Experiencia profesional"},"content":{"rendered":"\t\t<div data-elementor-type=\"wp-page\" data-elementor-id=\"70\" class=\"elementor elementor-70\" data-elementor-settings=\"[]\">\n\t\t\t\t\t\t<div class=\"elementor-inner\">\n\t\t\t\t\t\t\t<div class=\"elementor-section-wrap\">\n\t\t\t\t\t\t\t<section class=\"elementor-section elementor-top-section elementor-element elementor-element-3b0ce7ec elementor-section-boxed elementor-section-height-default elementor-section-height-default\" data-id=\"3b0ce7ec\" data-element_type=\"section\" data-settings=\"{&quot;jet_parallax_layout_list&quot;:[{&quot;jet_parallax_layout_image&quot;:{&quot;url&quot;:&quot;&quot;,&quot;id&quot;:&quot;&quot;},&quot;_id&quot;:&quot;525f21f&quot;,&quot;jet_parallax_layout_image_tablet&quot;:{&quot;url&quot;:&quot;&quot;,&quot;id&quot;:&quot;&quot;},&quot;jet_parallax_layout_image_mobile&quot;:{&quot;url&quot;:&quot;&quot;,&quot;id&quot;:&quot;&quot;},&quot;jet_parallax_layout_speed&quot;:{&quot;unit&quot;:&quot;%&quot;,&quot;size&quot;:50,&quot;sizes&quot;:[]},&quot;jet_parallax_layout_type&quot;:&quot;scroll&quot;,&quot;jet_parallax_layout_direction&quot;:null,&quot;jet_parallax_layout_fx_direction&quot;:null,&quot;jet_parallax_layout_z_index&quot;:&quot;&quot;,&quot;jet_parallax_layout_bg_x&quot;:50,&quot;jet_parallax_layout_bg_x_tablet&quot;:&quot;&quot;,&quot;jet_parallax_layout_bg_x_mobile&quot;:&quot;&quot;,&quot;jet_parallax_layout_bg_y&quot;:50,&quot;jet_parallax_layout_bg_y_tablet&quot;:&quot;&quot;,&quot;jet_parallax_layout_bg_y_mobile&quot;:&quot;&quot;,&quot;jet_parallax_layout_bg_size&quot;:&quot;auto&quot;,&quot;jet_parallax_layout_bg_size_tablet&quot;:&quot;&quot;,&quot;jet_parallax_layout_bg_size_mobile&quot;:&quot;&quot;,&quot;jet_parallax_layout_animation_prop&quot;:&quot;transform&quot;,&quot;jet_parallax_layout_on&quot;:[&quot;desktop&quot;,&quot;tablet&quot;]}]}\">\n\t\t\t\t\t\t<div class=\"elementor-container elementor-column-gap-default\">\n\t\t\t\t\t\t\t<div class=\"elementor-row\">\n\t\t\t\t\t<div class=\"elementor-column elementor-col-100 elementor-top-column elementor-element elementor-element-1d1db650\" data-id=\"1d1db650\" data-element_type=\"column\">\n\t\t\t<div class=\"elementor-column-wrap elementor-element-populated\">\n\t\t\t\t\t\t\t<div class=\"elementor-widget-wrap\">\n\t\t\t\t\t\t<div class=\"elementor-element elementor-element-60d1a261 elementor-widget elementor-widget-text-editor\" data-id=\"60d1a261\" data-element_type=\"widget\" data-widget_type=\"text-editor.default\">\n\t\t\t\t<div class=\"elementor-widget-container\">\n\t\t\t\t\t\t\t\t<div class=\"elementor-text-editor elementor-clearfix\">\n\t\t\t\t<p>Mi experiencia profesional hasta la actualidad\u00a0ha transcurrido\u00a0seg\u00fan el siguiente cronograma:<\/p><ul><li><strong><span style=\"font-family: Roboto, sans-serif; font-size: 14px; font-style: normal; font-weight: bold;\">(Octubre de 2021 &#8211; Actualidad) &#8211; Desarrollador Hardware Senior en Enfasys Engineering S.L.:<\/span><\/strong><span style=\"font-family: Roboto, sans-serif; font-size: 14px; font-style: normal;\">\u00a0<\/span>dedicado de lleno al dise\u00f1o de placas de circuito impreso, testeo de prototipos, correcci\u00f3n de fallos, as\u00ed como el trato con fabricantes y proveedores para gestionar la fabricaci\u00f3n de prototipos y\/o series, selecci\u00f3n de ofertas ajustando en la medida de los posible los costes. Mi trabajo tambi\u00e9n va en la l\u00ednea del trato con el cliente, solventando los problemas que le puedan surgir en la implementaci\u00f3n de nuestros productos.<strong><br \/><\/strong><\/li><li><strong>(Septiembre de 2017 &#8211; Octubre de 2021) &#8211; Responsable del Servicio de Asistencia T\u00e9cnica en ECORSA (Empresa Comercial de Recreativos S.A.):\u00a0<\/strong>encargado de la gesti\u00f3n t\u00e9cnica de m\u00e1quinas recreativas, organizando tanto la reparaci\u00f3n como puesta a punto de las mismas en el taller para su instalaci\u00f3n en el local de destino. Encargado tambi\u00e9n de establecer los procedimientos de trabajo y organizar las tareas de cada uno de los trabajadores de taller. Como tareas adicionales tambi\u00e9n me encargo del dise\u00f1o de medidas de seguridad a implantar en las m\u00e1quinas que pasan por el taller con el objetivo de tratar de evitar hurtos o manipulaciones.<\/li><li><strong>(Noviembre de 2015 &#8211; Septiembre de 2017) &#8211; T\u00e9cnico de Desarrollo Electr\u00f3nico y Programaci\u00f3n en Fundaci\u00f3n Prodintec:<\/strong> contratado para trabajar en diversos proyectos de I+D como Ingeniero de Desarrollo Electr\u00f3nico en el Departamento de Fabricaci\u00f3n Avanzada y Electr\u00f3nica de la Fundaci\u00f3n Prodintec.\u00a0Trabajo que envuelve tareas de dise\u00f1o, construcci\u00f3n y programaci\u00f3n, as\u00ed como las pruebas de laboratorio necesarias para el desarrollo de dispositivos electr\u00f3nicos. Como parte complementaria, tambi\u00e9n colaboro en la gesti\u00f3n y justificaci\u00f3n de los proyectos de investigaci\u00f3n que se desarrollan en el \u00c1rea de Electr\u00f3nica.<\/li><li><strong>(Septiembre de 2011\u00a0&#8211;\u00a0Marzo de 2015) &#8211; Ingeniero investigador en Tecnalia Research &amp; Innovation:\u00a0<\/strong>contratado por la Universidad de Oviedo y como fruto de una colaboraci\u00f3n en un proyecto de investigaci\u00f3n relacionado con semiconductores de Carburo de Silicio (SiC), he trabajado durante 6 meses en el centro de Tecnalia ubicado en Derio, Parque Tecnol\u00f3gico de Zamudio (Vizcaya).<\/li><li><strong>(Enero de 2009 &#8211; Noviembre de 2015) &#8211; Ingeniero contratado para proyectos de investigaci\u00f3n:\u00a0<\/strong>contratado como Ingeniero Investigador para diversos proyectos de investigaci\u00f3n en el Departamento de Ingenier\u00eda El\u00e9ctrica, Electr\u00f3nica, Computadores y Sistemas (DIEECS), \u00c1rea de Sistemas y Autom\u00e1tica de la Escuela Polit\u00e9cnica Superior de Ingenier\u00eda de Gij\u00f3n (Universidad de Oviedo). Periodo de tiempo que he aprovechado mi trabajo en la Universidad de Oviedo para realizar un M\u00e1ster y un Doctorado hasta llegar a la fase final de redacci\u00f3n de la memoria, fase en la en me encuentro actualmente.<\/li><li><strong>(Abril de 2008 &#8211; Diciembre 2008) &#8211; Becario en proyectos de investigaci\u00f3n: \u00a0<\/strong>con una beca por la Fundaci\u00f3n Universidad de Oviedo, he trabajado en ese periodo de tiempo en proyectos de investigaci\u00f3n y desarrollando mi proyecto final de carrera en el Departamento de Ingenier\u00eda El\u00e9ctrica, Electr\u00f3nica, Computadores y Sistemas (DIEECS), \u00c1rea de Sistemas y Autom\u00e1tica de la Escuela Polit\u00e9cnica Superior de Ingenier\u00eda de Gij\u00f3n (Universidad de Oviedo).<br \/><ul style=\"list-style-type: circle;\"><li>Proyecto Fin de Carrera:\u00a0<em>\u00abEstimaci\u00f3n mediante sensores magnetorresistivos de la posici\u00f3n 3D de una esfera que levita magn\u00e9ticamente\u00bb.<\/em><\/li><\/ul><\/li><\/ul><hr \/>\t\t\t\t\t<\/div>\n\t\t\t\t\t\t<\/div>\n\t\t\t\t<\/div>\n\t\t\t\t\t\t<\/div>\n\t\t\t\t\t<\/div>\n\t\t<\/div>\n\t\t\t\t\t\t\t\t<\/div>\n\t\t\t\t\t<\/div>\n\t\t<\/section>\n\t\t\t\t\t\t<\/div>\n\t\t\t\t\t\t<\/div>\n\t\t\t\t\t<\/div>\n\t\t","protected":false},"excerpt":{"rendered":"<p>Mi experiencia profesional hasta la actualidad\u00a0ha transcurrido\u00a0seg\u00fan el siguiente cronograma: (Octubre de 2021 &#8211; Actualidad) &#8211; Desarrollador Hardware Senior en Enfasys Engineering S.L.:\u00a0dedicado&hellip;<\/p>\n","protected":false},"author":1,"featured_media":0,"parent":0,"menu_order":0,"comment_status":"closed","ping_status":"closed","template":"","meta":{"footnotes":""},"class_list":["post-70","page","type-page","status-publish","hentry"],"_links":{"self":[{"href":"https:\/\/albertozapicoania.com\/es\/wp-json\/wp\/v2\/pages\/70","targetHints":{"allow":["GET"]}}],"collection":[{"href":"https:\/\/albertozapicoania.com\/es\/wp-json\/wp\/v2\/pages"}],"about":[{"href":"https:\/\/albertozapicoania.com\/es\/wp-json\/wp\/v2\/types\/page"}],"author":[{"embeddable":true,"href":"https:\/\/albertozapicoania.com\/es\/wp-json\/wp\/v2\/users\/1"}],"replies":[{"embeddable":true,"href":"https:\/\/albertozapicoania.com\/es\/wp-json\/wp\/v2\/comments?post=70"}],"version-history":[{"count":15,"href":"https:\/\/albertozapicoania.com\/es\/wp-json\/wp\/v2\/pages\/70\/revisions"}],"predecessor-version":[{"id":558,"href":"https:\/\/albertozapicoania.com\/es\/wp-json\/wp\/v2\/pages\/70\/revisions\/558"}],"wp:attachment":[{"href":"https:\/\/albertozapicoania.com\/es\/wp-json\/wp\/v2\/media?parent=70"}],"curies":[{"name":"wp","href":"https:\/\/api.w.org\/{rel}","templated":true}]}}