{"id":73,"date":"2016-12-07T13:40:57","date_gmt":"2016-12-07T13:40:57","guid":{"rendered":"http:\/\/albertozapicoania.com\/es\/?page_id=73"},"modified":"2017-01-26T17:02:09","modified_gmt":"2017-01-26T17:02:09","slug":"proyectos-investigacion","status":"publish","type":"page","link":"https:\/\/albertozapicoania.com\/es\/proyectos-investigacion\/","title":{"rendered":"Colaboraci\u00f3n en proyectos de investigaci\u00f3n"},"content":{"rendered":"<p>Los proyectos en los que he colaborado durante mi trayectoria laboral en la Universidad de Oviedo son los siguientes:<\/p>\n<ul style=\"list-style-type: disc;\">\n<li><strong>Evaluaci\u00f3n de tecnolog\u00edas de medida de la posici\u00f3n de una bola que levita<\/strong><br \/>\n<strong>magn\u00e9ticamente insertada en poliestireno expandido.<\/strong> Colaboraci\u00f3n: Abril 2008 \u2013 Junio 2009 (Universidad de Oviedo, SERVIMAPS y AMC S.L.).<\/li>\n<li><strong>Desarrollo de un Sistema para la mejora de la eficiencia energ\u00e9tica.\u00a0<\/strong>Colaboraci\u00f3n: Febrero 2010 \u2013 Julio 2010 (Universidad de Oviedo y GAMESA).<\/li>\n<li><strong>Wide Band Gap Semiconductor Devices for Rational Use of Energy (RUE).\u00a0<\/strong>Consolider Ingenio 2010. Colaboraci\u00f3n: Septiembre 2011 \u2013\u00a0Noviembre 2015 (Universidad de Oviedo y CSIC).<\/li>\n<li><strong>Tecnolog\u00edas para Convertidores Trif\u00e1sicos de Media Tensi\u00f3n Basados en Dispositivos SiC (MICINN-10-ENE2010-14941)<\/strong>. Plan Nacional. Colaboraci\u00f3n: Enero 2011 \u2013 Diciembre 2013 (Universidad de Oviedo).<\/li>\n<li><strong>Silicon Carbide Power Technology for Energy Efficient Devices (SPEED).<\/strong> FP7 \u2013 Large Scale Integrating Collaborative Research Project. Colaboraci\u00f3n: Enero 2014 \u2013 Noviembre 2015\u00a0(\u00c1mbito Europeo).<\/li>\n<\/ul>\n<p>Proyectos en los que participo y he participado desde Fundaci\u00f3n Prodintec:<\/p>\n<ul>\n<li><strong>WINNER: smart windows for zero carbon energy buildings (ERANet-LAC 2015).\u00a0<\/strong>Colaboraci\u00f3n: Noviembre 2015 &#8211; Actualidad (Universidad de BioBio en Chile, Universidad Nacional Evang\u00e9lica de Rep\u00fablica Dominicana y Fundaci\u00f3n Prodintec en Gij\u00f3n, Asturias).<\/li>\n<\/ul>\n<hr \/>\n","protected":false},"excerpt":{"rendered":"<p>Los proyectos en los que he colaborado durante mi trayectoria laboral en la Universidad de Oviedo son los siguientes: Evaluaci\u00f3n de tecnolog\u00edas de&hellip;<\/p>\n","protected":false},"author":1,"featured_media":0,"parent":0,"menu_order":0,"comment_status":"closed","ping_status":"closed","template":"","meta":{"footnotes":""},"class_list":["post-73","page","type-page","status-publish","hentry"],"_links":{"self":[{"href":"https:\/\/albertozapicoania.com\/es\/wp-json\/wp\/v2\/pages\/73","targetHints":{"allow":["GET"]}}],"collection":[{"href":"https:\/\/albertozapicoania.com\/es\/wp-json\/wp\/v2\/pages"}],"about":[{"href":"https:\/\/albertozapicoania.com\/es\/wp-json\/wp\/v2\/types\/page"}],"author":[{"embeddable":true,"href":"https:\/\/albertozapicoania.com\/es\/wp-json\/wp\/v2\/users\/1"}],"replies":[{"embeddable":true,"href":"https:\/\/albertozapicoania.com\/es\/wp-json\/wp\/v2\/comments?post=73"}],"version-history":[{"count":9,"href":"https:\/\/albertozapicoania.com\/es\/wp-json\/wp\/v2\/pages\/73\/revisions"}],"predecessor-version":[{"id":144,"href":"https:\/\/albertozapicoania.com\/es\/wp-json\/wp\/v2\/pages\/73\/revisions\/144"}],"wp:attachment":[{"href":"https:\/\/albertozapicoania.com\/es\/wp-json\/wp\/v2\/media?parent=73"}],"curies":[{"name":"wp","href":"https:\/\/api.w.org\/{rel}","templated":true}]}}