{"id":76,"date":"2016-12-07T13:42:25","date_gmt":"2016-12-07T13:42:25","guid":{"rendered":"http:\/\/albertozapicoania.com\/es\/?page_id=76"},"modified":"2017-03-23T20:29:28","modified_gmt":"2017-03-23T20:29:28","slug":"proyectos-personales","status":"publish","type":"page","link":"https:\/\/albertozapicoania.com\/es\/proyectos-personales\/","title":{"rendered":"Proyectos personales"},"content":{"rendered":"<p>Tengo varios proyectos personales en mente. Ir\u00e9 a\u00f1adiendo progresivamente los proyectos personales que he realizado, que estoy desarrollando y que tengo en mente. Mi tiempo es limitado, as\u00ed que no avanzo en ellos a la velocidad que querr\u00eda&#8230;Mi intenci\u00f3n con estos proyectos es aprender, divertirme (no olvidemos que soy \u00abfriki\u00bb) y desarrollar cosas relacionadas con el mundo de la electr\u00f3nica.<\/p>\n<p>Uno de los proyectos que tengo en mente es el control dom\u00f3tico de una vivienda. El comienzo de este proyecto se basa en monitorizar diferentes\u00a0cosas de una vivienda, como es la temperatura y la humedad. En la web <a href=\"http:\/\/albertozapicoania.com\/sensors\/index_secure.php\">Monitor de sensores<\/a>, muestro el valor de los que tengo actualmente implementados.<\/p>\n<hr \/>\n","protected":false},"excerpt":{"rendered":"<p>Tengo varios proyectos personales en mente. Ir\u00e9 a\u00f1adiendo progresivamente los proyectos personales que he realizado, que estoy desarrollando y que tengo en mente.&hellip;<\/p>\n","protected":false},"author":1,"featured_media":0,"parent":0,"menu_order":0,"comment_status":"closed","ping_status":"closed","template":"","meta":{"footnotes":""},"class_list":["post-76","page","type-page","status-publish","hentry"],"_links":{"self":[{"href":"https:\/\/albertozapicoania.com\/es\/wp-json\/wp\/v2\/pages\/76","targetHints":{"allow":["GET"]}}],"collection":[{"href":"https:\/\/albertozapicoania.com\/es\/wp-json\/wp\/v2\/pages"}],"about":[{"href":"https:\/\/albertozapicoania.com\/es\/wp-json\/wp\/v2\/types\/page"}],"author":[{"embeddable":true,"href":"https:\/\/albertozapicoania.com\/es\/wp-json\/wp\/v2\/users\/1"}],"replies":[{"embeddable":true,"href":"https:\/\/albertozapicoania.com\/es\/wp-json\/wp\/v2\/comments?post=76"}],"version-history":[{"count":8,"href":"https:\/\/albertozapicoania.com\/es\/wp-json\/wp\/v2\/pages\/76\/revisions"}],"predecessor-version":[{"id":162,"href":"https:\/\/albertozapicoania.com\/es\/wp-json\/wp\/v2\/pages\/76\/revisions\/162"}],"wp:attachment":[{"href":"https:\/\/albertozapicoania.com\/es\/wp-json\/wp\/v2\/media?parent=76"}],"curies":[{"name":"wp","href":"https:\/\/api.w.org\/{rel}","templated":true}]}}